{"id":88,"date":"2024-12-18T14:55:27","date_gmt":"2024-12-18T13:55:27","guid":{"rendered":"https:\/\/clelia-voyance.com\/?page_id=88"},"modified":"2024-12-18T15:03:13","modified_gmt":"2024-12-18T14:03:13","slug":"le-savoir-faire-du-cabinet","status":"publish","type":"page","link":"https:\/\/clelia-voyance.com\/index.php\/le-savoir-faire-du-cabinet\/","title":{"rendered":"Le savoir faire du cabinet"},"content":{"rendered":"\n<div class=\"wp-block-columns is-layout-flex wp-container-core-columns-is-layout-28f84493 wp-block-columns-is-layout-flex\">\n<div class=\"wp-block-column is-layout-flow wp-block-column-is-layout-flow\" style=\"flex-basis:80%\">\n<p class=\"has-pale-pink-color has-text-color has-link-color wp-elements-1d0ecdbe0ddbb0d9fd2c92841f2a00d3\"><strong>Acutomancie<\/strong><br><br>Art de pr\u00e9dire l\u2019avenir \u00e0 l\u2019aide d\u2019objets pointus, comme des aiguilles ou des \u00e9pingles. Projet\u00e9es sur une assiette ou un tapis, on interpr\u00e8te les figures ainsi form\u00e9es.<\/p>\n\n\n\n<div style=\"height:40px\" aria-hidden=\"true\" class=\"wp-block-spacer\"><\/div>\n\n\n\n<p class=\"has-pale-pink-color has-text-color has-link-color wp-elements-0c6dc4ab552397c8f36be729e2252bbf\"><strong>Astragalomancie<\/strong><\/p>\n\n\n\n<p class=\"has-pale-pink-color has-text-color has-link-color wp-elements-da17b37f14df370f307bebe75275bd30\">Apr\u00e8s avoir lanc\u00e9 les osselets, on interpr\u00e8te leurs dispositions sur le sol, d\u2019apr\u00e8s la combinaison des quatre faces, suivant les r\u00e8gles traditionnelles.<\/p>\n\n\n\n<div style=\"height:40px\" aria-hidden=\"true\" class=\"wp-block-spacer\"><\/div>\n\n\n\n<p class=\"has-pale-pink-color has-text-color has-link-color wp-elements-9d2cd45486199dde175dedcca8f8e5f9\"><strong>Boule de cristal ou sphondilomancie<\/strong><\/p>\n\n\n\n<p class=\"has-pale-pink-color has-text-color has-link-color wp-elements-9a54bfb5f2c7be24abdededbf8610900\">Art de \u00ab\u00a0voir\u00a0\u00bb \u00e0 travers une surface r\u00e9fl\u00e9chissante, telle qu\u2019une boule de cristal, un verre d\u2019eau\u2026<\/p>\n\n\n\n<div style=\"height:40px\" aria-hidden=\"true\" class=\"wp-block-spacer\"><\/div>\n\n\n\n<p class=\"has-pale-pink-color has-text-color has-link-color wp-elements-86cf373ac51a36285d95f294e3e15436\"><strong>Cartomancie<\/strong><\/p>\n\n\n\n<p class=\"has-pale-pink-color has-text-color has-link-color wp-elements-80c202396506f1efd8b3ca23fec27a76\">Art de pr\u00e9dire l\u2019avenir au moyen de cartes \u00e0 jouer.<\/p>\n\n\n\n<div style=\"height:40px\" aria-hidden=\"true\" class=\"wp-block-spacer\"><\/div>\n\n\n\n<p class=\"has-pale-pink-color has-text-color has-link-color wp-elements-70683dff2b3892392532be0363f5f820\"><strong>Chirologie<\/strong><\/p>\n\n\n\n<p class=\"has-pale-pink-color has-text-color has-link-color wp-elements-c436a72174386e21661f38e04d57b7a0\">Art de d\u00e9celer dans la main les pr\u00e9dispositions naturelles, le caract\u00e8re,<br>l\u2019\u00e9tat de sant\u00e9.<\/p>\n\n\n\n<div style=\"height:40px\" aria-hidden=\"true\" class=\"wp-block-spacer\"><\/div>\n\n\n\n<p class=\"has-pale-pink-color has-text-color has-link-color wp-elements-c7809fb6181e221e5d2e1c03e0cb8605\"><strong>Chiromancie<\/strong><\/p>\n\n\n\n<p class=\"has-pale-pink-color has-text-color has-link-color wp-elements-25887ba06fbbb96b176cfc1459916b00\">Art de pr\u00e9dire l\u2019avenir gr\u00e2ce aux lignes grav\u00e9es dans la main.<\/p>\n\n\n\n<div style=\"height:40px\" aria-hidden=\"true\" class=\"wp-block-spacer\"><\/div>\n\n\n\n<p class=\"has-pale-pink-color has-text-color has-link-color wp-elements-38b3972365bb04f28bd09d285ad7ab12\"><strong>Encromancie<\/strong><\/p>\n\n\n\n<p class=\"has-pale-pink-color has-text-color has-link-color wp-elements-e72e2814e72dfc326e4d4d703d775072\">Art de lire les taches d\u2019encre. Le proc\u00e9d\u00e9 consiste \u00e0 \u00e9crire sur une feuille de papier le nom ou le pr\u00e9nom du consultant, sa date de naissance et la question pos\u00e9e. On projette, soit trois, sept ou treize taches d\u2019encre sur la feuille de papier, on plie la feuille dans le sens vertical, puis dans l\u2019autre sens, puis on ouvre la feuille. L\u2019interpr\u00e9tation commence.<\/p>\n\n\n\n<div style=\"height:40px\" aria-hidden=\"true\" class=\"wp-block-spacer\"><\/div>\n\n\n\n<p class=\"has-pale-pink-color has-text-color has-link-color wp-elements-c32d8115c7e751c47f8df669a5530e89\"><strong>Graphomancie<\/strong><\/p>\n\n\n\n<p class=\"has-pale-pink-color has-text-color has-link-color wp-elements-3506438853f12b313f1fee15b183a0e2\">Suivant l\u2019\u00e9criture du scripteur, le praticien peut en d\u00e9duire l\u2019\u00e9tat psychologique et les tendances de son avenir. A ne pas confondre avec la graphologie.<\/p>\n\n\n\n<div style=\"height:40px\" aria-hidden=\"true\" class=\"wp-block-spacer\"><\/div>\n\n\n\n<p class=\"has-pale-pink-color has-text-color has-link-color wp-elements-28ff19c75ac025a865c16b45bcffc6cd\"><strong>Num\u00e9rologie<\/strong><\/p>\n\n\n\n<p class=\"has-pale-pink-color has-text-color has-link-color wp-elements-2435aa451dff5c98a3ec7e228377b221\">La num\u00e9rologie fait correspondre \u00e0 un nom, un pr\u00e9nom, un chiffre pour chaque lettre. On peut en tirer, par une suite de calculs, une \u00e9tude de la personnalit\u00e9 ou des tendances pr\u00e9visionnelles. La Kabbale serait l\u2019une des origines de la Num\u00e9rologie.<\/p>\n\n\n\n<div style=\"height:40px\" aria-hidden=\"true\" class=\"wp-block-spacer\"><\/div>\n\n\n\n<p class=\"has-pale-pink-color has-text-color has-link-color wp-elements-423a3b1aba37b9cb8b34fb81bbffcb73\"><strong>Iridologie<\/strong><\/p>\n\n\n\n<p class=\"has-pale-pink-color has-text-color has-link-color wp-elements-7b5c1cc2f6016f0dfe96b2d473b1b3b4\">Relever dans l\u2019iris de l\u2019\u0153il certains aspects, (petits points, taches, couleurs&#8230;) pour en d\u00e9duire certains comportements et \u00e9tat pathologique.<\/p>\n\n\n\n<div style=\"height:40px\" aria-hidden=\"true\" class=\"wp-block-spacer\"><\/div>\n\n\n\n<p class=\"has-pale-pink-color has-text-color has-link-color wp-elements-b3a7c7100d362a6ec3e628f1ae106fe5\"><strong>Oniromancie<\/strong><\/p>\n\n\n\n<p class=\"has-pale-pink-color has-text-color has-link-color wp-elements-b214a83630856c944f3d83bc1da721e4\">Art d\u2019expliquer les r\u00eaves et d\u2019en tirer des \u00e9l\u00e9ments pour donner des tendances futures. C\u2019est un des plus anciens arts divinatoires de l\u2019humanit\u00e9.<\/p>\n\n\n\n<div style=\"height:40px\" aria-hidden=\"true\" class=\"wp-block-spacer\"><\/div>\n\n\n\n<p class=\"has-pale-pink-color has-text-color has-link-color wp-elements-98b19f67726c765d40a12001c0cf1060\"><strong>Radiesthesie<\/strong><\/p>\n\n\n\n<p class=\"has-pale-pink-color has-text-color has-link-color wp-elements-806012c7d414f892d75a724cba0212cc\">Technique permettant gr\u00e2ce \u00e0 un pendule, d\u2019une baguette en \u00ab\u00a0V\u00a0\u00bb (bois de coudrier par exemple), de d\u00e9tecter la proximit\u00e9 d\u2019une source, de min\u00e9raux, d\u2019une personne&#8230;<\/p>\n\n\n\n<div style=\"height:40px\" aria-hidden=\"true\" class=\"wp-block-spacer\"><\/div>\n\n\n\n<p class=\"has-pale-pink-color has-text-color has-link-color wp-elements-9730e3d5a54793e7b5aefd9a1a0635eb\"><strong>Runes<\/strong><\/p>\n\n\n\n<p class=\"has-pale-pink-color has-text-color has-link-color wp-elements-be7283e5addee8ad38d09ca2bd0d1e09\">Galets divinatoires nordiques.<\/p>\n\n\n\n<div style=\"height:40px\" aria-hidden=\"true\" class=\"wp-block-spacer\"><\/div>\n\n\n\n<p class=\"has-pale-pink-color has-text-color has-link-color wp-elements-0d5c5f6f02ea1e1c3f9c905f123ba8d1\"><strong>Tarologie<\/strong><\/p>\n\n\n\n<p class=\"has-pale-pink-color has-text-color has-link-color wp-elements-167cc11e99b366e56dde62530d4af89b\">Art d\u2019interpr\u00e9ter l\u2019avenir \u00e0 la lecture des lames (cartes) du tarot.<\/p>\n<\/div>\n\n\n\n<div class=\"wp-block-column is-layout-flow wp-block-column-is-layout-flow\" style=\"flex-basis:20%\"><\/div>\n<\/div>\n","protected":false},"excerpt":{"rendered":"<p>Acutomancie Art de pr\u00e9dire l\u2019avenir \u00e0 l\u2019aide d\u2019objets pointus, comme des aiguilles ou des \u00e9pingles. Projet\u00e9es sur une assiette ou un tapis, on interpr\u00e8te les figures ainsi form\u00e9es. Astragalomancie Apr\u00e8s avoir lanc\u00e9 les osselets, on interpr\u00e8te leurs dispositions sur le sol, d\u2019apr\u00e8s la combinaison des quatre faces, suivant les r\u00e8gles traditionnelles. Boule de cristal ou [&hellip;]<\/p>\n","protected":false},"author":2,"featured_media":0,"parent":0,"menu_order":0,"comment_status":"closed","ping_status":"closed","template":"","meta":{"footnotes":""},"class_list":["post-88","page","type-page","status-publish","hentry"],"_links":{"self":[{"href":"https:\/\/clelia-voyance.com\/index.php\/wp-json\/wp\/v2\/pages\/88","targetHints":{"allow":["GET"]}}],"collection":[{"href":"https:\/\/clelia-voyance.com\/index.php\/wp-json\/wp\/v2\/pages"}],"about":[{"href":"https:\/\/clelia-voyance.com\/index.php\/wp-json\/wp\/v2\/types\/page"}],"author":[{"embeddable":true,"href":"https:\/\/clelia-voyance.com\/index.php\/wp-json\/wp\/v2\/users\/2"}],"replies":[{"embeddable":true,"href":"https:\/\/clelia-voyance.com\/index.php\/wp-json\/wp\/v2\/comments?post=88"}],"version-history":[{"count":5,"href":"https:\/\/clelia-voyance.com\/index.php\/wp-json\/wp\/v2\/pages\/88\/revisions"}],"predecessor-version":[{"id":93,"href":"https:\/\/clelia-voyance.com\/index.php\/wp-json\/wp\/v2\/pages\/88\/revisions\/93"}],"wp:attachment":[{"href":"https:\/\/clelia-voyance.com\/index.php\/wp-json\/wp\/v2\/media?parent=88"}],"curies":[{"name":"wp","href":"https:\/\/api.w.org\/{rel}","templated":true}]}}