{"id":15,"date":"2024-12-13T11:56:57","date_gmt":"2024-12-13T10:56:57","guid":{"rendered":"https:\/\/clelia-voyance.com\/?page_id=15"},"modified":"2024-12-20T10:45:17","modified_gmt":"2024-12-20T09:45:17","slug":"qui-suis-je","status":"publish","type":"page","link":"https:\/\/clelia-voyance.com\/index.php\/qui-suis-je\/","title":{"rendered":"Qui suis-je ?"},"content":{"rendered":"\n<div class=\"wp-block-columns is-layout-flex wp-container-core-columns-is-layout-28f84493 wp-block-columns-is-layout-flex\">\n<div class=\"wp-block-column is-vertically-aligned-stretch is-layout-flow wp-block-column-is-layout-flow\">\n<h3 class=\"wp-block-heading has-text-color has-link-color wp-elements-97320cbece88d62d9a23af76778b281a\" style=\"color:#c21e56\">Voyance du c\u0153ur et compatibilit\u00e9 amoureuse<\/h3>\n<\/div>\n<\/div>\n\n\n\n<div class=\"wp-block-columns is-layout-flex wp-container-core-columns-is-layout-28f84493 wp-block-columns-is-layout-flex\">\n<div class=\"wp-block-column is-layout-flow wp-block-column-is-layout-flow\">\n<div class=\"wp-block-columns is-layout-flex wp-container-core-columns-is-layout-28f84493 wp-block-columns-is-layout-flex\">\n<div class=\"wp-block-column is-layout-flow wp-block-column-is-layout-flow\" style=\"flex-basis:66.66%\">\n<p class=\"has-text-color has-link-color wp-elements-d67e8422d55b06c8236049a079bdbee4\" style=\"color:#c21e56\">Bienvenue chez moi. Un doute, une peur, un choix amoureux \u00e0 faire ?<br>Je suis&nbsp;<strong>Cl\u00e9lia Desange<\/strong>, voyante pure h\u00e9r\u00e9ditaire, sp\u00e9cialiste du domaine Sentimental.<\/p>\n\n\n\n<p class=\"has-text-color has-link-color wp-elements-3b74914a438895b9e9cb6133fed2678e\" style=\"color:#c21e56\">Je tiens ce don des femmes de ma famille depuis plusieurs g\u00e9n\u00e9rations. D\u00e8s ma plus tendre enfance, j&rsquo;ai d\u00e9velopp\u00e9 une sensibilit\u00e9 particuli\u00e8re, \u00e9duqu\u00e9e par ma grand-m\u00e8re \u00e0 la cartomancie, initi\u00e9e par ma m\u00e8re sophrologue aux m\u00e9thodes de voyance, j\u2019ai grandi au milieu des livres et de la sagesse. Gr\u00e2ce aux&nbsp;<strong>flashs<\/strong>, \u00e0 la&nbsp;<strong>clair-audience<\/strong>&nbsp;et aux&nbsp;<strong>ressentis<\/strong>, j&rsquo;ai appris \u00e0 apporter mon aide aux autres.<\/p>\n\n\n\n<p class=\"has-text-color has-link-color wp-elements-248da690f0bd8214840289b1b99ec461\" style=\"color:#c21e56\">Il m&rsquo;a fallu beaucoup de temps pour dompter mes fabuleuses capacit\u00e9s. Aujourd&rsquo;hui, je me concentre particuli\u00e8rement sur&nbsp;<strong>les probl\u00e8mes de couple et plus largement les probl\u00e8mes sentimentaux<\/strong>.<\/p>\n\n\n\n<p class=\"has-text-color has-link-color wp-elements-70ed6c23168353d4eb5668d24043b3ca\" style=\"color:#c21e56\">C&rsquo;est avec l&rsquo;aide de mes proches et de personnes de qualit\u00e9s dou\u00e9es ainsi que moi, que j&rsquo;ai ouvert mon cabinet. Nous sommes tous li\u00e9s par la m\u00eame passion, celle d&rsquo;aider notre prochain.<br>Gr\u00e2ce \u00e0 ce s\u00e9rieux nous pouvons vous proposer&nbsp;<strong>une voyance de qualit\u00e9&nbsp;<\/strong>centr\u00e9s sur la connaissance de votre avenir sentimental avec des m\u00e9diums qui n&rsquo;ont d&rsquo;autre ambition que de vous aider \u00e0 trouver les solutions aux questions qui vous taraudent.<\/p>\n\n\n\n<p class=\"has-text-color has-link-color wp-elements-8bce7f8a710e8f2dda4a4d0680c4240d\" style=\"color:#c21e56\">Car il n&rsquo;est jamais simple de se d\u00e9placer, j&rsquo;ai mis en place un num\u00e9ro d&rsquo;appel 7 jours sur 7, de 7h30 \u00e0 2h du matin pour vous&#8230; Avec ce num\u00e9ro vous avez une consultation&nbsp;<strong>SANS FRAIS D&rsquo;HONORAIRE *<\/strong>&nbsp;et vous pouvez choisir la&nbsp; voyance qui vous correspond le mieux.<\/p>\n\n\n\n<figure class=\"wp-block-image size-full is-resized is-style-default\"><img fetchpriority=\"high\" decoding=\"async\" width=\"1024\" height=\"1024\" src=\"https:\/\/clelia-voyance.com\/wp-content\/uploads\/2024\/12\/numero-1.webp\" alt=\"\" class=\"wp-image-55\" style=\"aspect-ratio:1.7777777777777777;object-fit:cover;width:330px\" srcset=\"https:\/\/clelia-voyance.com\/wp-content\/uploads\/2024\/12\/numero-1.webp 1024w, https:\/\/clelia-voyance.com\/wp-content\/uploads\/2024\/12\/numero-1-300x300.webp 300w, https:\/\/clelia-voyance.com\/wp-content\/uploads\/2024\/12\/numero-1-150x150.webp 150w, https:\/\/clelia-voyance.com\/wp-content\/uploads\/2024\/12\/numero-1-768x768.webp 768w\" sizes=\"(max-width: 1024px) 100vw, 1024px\" \/><\/figure>\n\n\n\n<p class=\"has-text-color has-link-color wp-elements-fd1b3ed4d54f84a45ffacf6c60bfa0ca\" style=\"color:#c21e56\"><strong>08 92 422 376<\/strong><\/p>\n\n\n\n<p class=\"has-text-color has-link-color wp-elements-ff0109b607742901026528d0b7669bbf\" style=\"color:#c21e56\">Nous vous rappelons que pendant la consultation, seul le co\u00fbt de la communication vous sera factur\u00e9 sur la base du tarif suivant :&nbsp;<strong>1,35\u20ac l&rsquo;appel + 0,34\u20ac\/minutes suppl\u00e9mentaires<\/strong><\/p>\n\n\n\n<p class=\"has-text-color has-link-color wp-elements-f24370b482b1aa926a477ccf77a21dca\" style=\"color:#c21e56\">Par la suite en fonction de vos besoins, nous pouvons vous proposer une voyance plus approfondie avec la voyante qui vous correspond.&nbsp;<strong>Cette consultation priv\u00e9e est&nbsp;<\/strong><strong>sans attente et en toute confidentialit\u00e9<\/strong>&nbsp;par t\u00e9l\u00e9phone directe&nbsp;<strong>de 7h30 \u00e0 2h00 du matin 7j\/7<\/strong>&nbsp;:<\/p>\n\n\n\n<figure class=\"wp-block-image aligncenter size-full is-resized\"><img decoding=\"async\" width=\"612\" height=\"549\" src=\"https:\/\/clelia-voyance.com\/wp-content\/uploads\/2024\/12\/cupidon-bebe-1.jpg\" alt=\"\" class=\"wp-image-57\" style=\"aspect-ratio:1.7391304347826086;object-fit:cover;width:296px;height:auto\" srcset=\"https:\/\/clelia-voyance.com\/wp-content\/uploads\/2024\/12\/cupidon-bebe-1.jpg 612w, https:\/\/clelia-voyance.com\/wp-content\/uploads\/2024\/12\/cupidon-bebe-1-300x269.jpg 300w\" sizes=\"(max-width: 612px) 100vw, 612px\" \/><\/figure>\n\n\n\n<p class=\"has-text-color has-link-color wp-elements-2dcdee4d6b6f796a8dd648d8c21b7ec3\" style=\"color:#c21e56\"><strong>00 33 3 55 66 66 68*<\/strong>&nbsp;pour les appels depuis l&rsquo;\u00e9tranger<\/p>\n\n\n\n<p class=\"has-text-color has-link-color wp-elements-5a56bf8b7e6ddac2c8b83ea634694467\" style=\"color:#c21e56\"><small>*Tarif : 15 \u20ac les 10 min + 5,5\u20ac&nbsp; la minute suppl\u00e9mentaire payable par carte bancaire<\/small><\/p>\n\n\n\n<p class=\"has-text-color has-link-color wp-elements-4cbdcba98b64dee8e9898c804278da47\" style=\"color:#c21e56\">Vous souhaitez contacter<strong>&nbsp;un voyant ou une voyante sp\u00e9cialiste des probl\u00e8mes affectifs et amoureux&nbsp;<\/strong>pour un conseil ou une aide mais vous ne savez pas vers qui vous tourner..<\/p>\n\n\n\n<p class=\"has-text-color has-link-color wp-elements-b62d277b96619bd00d4e4afd800183a1\" style=\"color:#c21e56\">Pour toutes les m\u00e9thodes de voyance, la consultation se passe toujours de la m\u00eame mani\u00e8re. Qu\u2019elle soit par mail, par t\u00e9l\u00e9phone ou en t\u00eate \u00e0 t\u00eate, le voyant \u00e0 besoin de vous cerner en parlant de votre pass\u00e9 et de votre pr\u00e9sent pour appr\u00e9hender l\u2019avenir. Il n\u2019est pas toujours facile de saisir les propos d\u2019un voyant car il disent ce qu\u2019ils voient et s\u2019exprime ainsi de mani\u00e8re imag\u00e9e. Ils ont besoin de votre concours pour les orienter dans l\u2019interpr\u00e9tation de ce qu\u2019ils voient. Pour que la consultation soit r\u00e9ussit il est primordiale qu\u2019il y ait une harmonie entre le voyant et le consultant. L\u2019un \u00e9tant le r\u00e9cepteur et l\u2019autre l\u2019\u00e9metteur.<br>Il existe bien des mani\u00e8res de concevoir l\u2019art de la voyance. La plus connue consiste dans des flash, sorte d\u2019images br\u00e8ves qui apparaissent au voyant. C\u2019est la \u00ab voyance pure \u00bb, elle permet de deviner l\u2019avenir et de voir le pass\u00e9.<\/p>\n\n\n\n<p class=\"has-text-color has-link-color wp-elements-b048a61157f047496e0b13b10b083c0e\" style=\"color:#c21e56\">Toutefois, il arrive souvent que le voyant ait recours \u00e0 des supports divinatoires, tels que :<br>&#8211; L\u2019\u00e9tude astrales<br>&#8211; la num\u00e9rologie<br>&#8211; le Tarot<br>&#8211; Les runes<br>&#8211; Le yin King \u2026<\/p>\n\n\n\n<p class=\"has-text-color has-link-color wp-elements-7be5df9c0b4053f10264d328fd05550a\" style=\"color:#c21e56\">Ces m\u00e9thodes de soutien \u00e0 la divination peuvent \u00eatre utilis\u00e9es, soit imm\u00e9diatement lors de la consultation, soit a posteriori pour interpr\u00e9ter ou \u00e9tayer des flash. Les voyants purs n\u2019ayant pas recours \u00e0 ces supports sont tr\u00e8s rares. Il n\u2019en demeure pas moins que m\u00eame si pour les puristes seuls les \u00ab voyants pur \u00bb peuvent b\u00e9n\u00e9ficier de l\u2019appellation \u00ab voyants\u00bb,&nbsp; ils peuvent aussi utiliser des supports comme le pendule le marc de caf\u00e9 ou encore les lignes de la main.<br>Quoiqu\u2019il en soit c\u2019est le couple consultant voyant qui fait la qualit\u00e9 d\u2019une consultation.<\/p>\n\n\n\n<p class=\"has-text-color has-link-color wp-elements-85db6306bc6f72513964258cad741e89\" style=\"color:#c21e56\">J&rsquo;ai s\u00e9lectionn\u00e9 pour vous des professionnels parmi les meilleurs voyants de France reconnus pour la qualit\u00e9 et la fiabilit\u00e9 de leur voyance que vous pouvez trouver dans les principaux guides de la voyance et que vous pouvez consulter par t\u00e9l\u00e9phone. Nous pouvons vous aider, car c&rsquo;est l\u00e0 notre raison d&rsquo;\u00eatre et celle du don qu&rsquo;il nous a \u00e9t\u00e9 confi\u00e9.<br>Il n&rsquo;est pas toujours facile de franchir le pas vers ce que l&rsquo;on ne comprend pas.<\/p>\n\n\n\n<p class=\"has-text-color has-link-color wp-elements-bd97ae106d7b86a1c5afc9a486d90361\" style=\"color:#c21e56\">C&rsquo;est pourquoi je vous tends la main aujourd&rsquo;hui, appelez moi et vous jugerez par vous m\u00eame.<br>Avec toute ma bienveillance, &nbsp; &nbsp;&nbsp;<a>&nbsp;<\/a><\/p>\n\n\n\n<p class=\"has-text-color has-link-color wp-elements-acb17d8fd5305c4a611a066ba18d7719\" style=\"color:#c21e56\">Au nom de toute l&rsquo;\u00e9quipe du cabinet,<\/p>\n\n\n\n<figure class=\"wp-block-image\"><a href=\"http:\/\/amalea.com\/aide-amour\/wp-content\/uploads\/2013\/03\/clelia.jpg\"><img decoding=\"async\" src=\"http:\/\/www.anya-voyance.com\/wp-content\/uploads\/2013\/03\/clelia.jpg\" alt=\"clelia\" class=\"wp-image-751\"\/><\/a><\/figure>\n\n\n\n<p class=\"has-text-color has-link-color wp-elements-cbf014b62cf88d5c1b688f348a6e22d9\" style=\"color:#c21e56\"><strong>Informations sur la consultation.<\/strong><\/p>\n\n\n\n<p class=\"has-text-color has-link-color wp-elements-9e2bebba3ef06f17bb3052abd30eac92\" style=\"color:#c21e56\">J&rsquo;ai besoin de faire en premier lieu d&rsquo;une bonne captation. Pour cela je vous donne mes ressentis sur votre nature, votre caract\u00e8re et quelques faits marquants de votre pass\u00e9. De la m\u00eame fa\u00e7on , je fais une captation de votre partenaire. Attention en cas de non captation, la consultation sera annul\u00e9e et aucun r\u00e8glement ne sera d\u00fb.<\/p>\n\n\n\n<p class=\"has-white-background-color has-text-color has-background has-link-color wp-elements-162e3854797c52b803da65790497ad11\" style=\"color:#c21e56\">Vous devez \u00eatre conscient qu&rsquo;en voyance pure, je ne contr\u00f4les pas les informations que je per\u00e7ois. Vous devez \u00eatre donc pr\u00eat \u00e0 tout entendre bonnes ou mauvaises choses. (cependant je ne parle pas de maladie ou de mort cf&nbsp;<a href=\"http:\/\/aide-amour.com\/aide-amour\/charte-deontologique\">charte d\u00e9ontologique<\/a>)<\/p>\n<\/div>\n\n\n\n<div class=\"wp-block-column is-layout-flow wp-block-column-is-layout-flow\" style=\"flex-basis:33.33%\"><\/div>\n<\/div>\n<\/div>\n<\/div>\n","protected":false},"excerpt":{"rendered":"<p>Voyance du c\u0153ur et compatibilit\u00e9 amoureuse Bienvenue chez moi. Un doute, une peur, un choix amoureux \u00e0 faire ?Je suis&nbsp;Cl\u00e9lia Desange, voyante pure h\u00e9r\u00e9ditaire, sp\u00e9cialiste du domaine Sentimental. Je tiens ce don des femmes de ma famille depuis plusieurs g\u00e9n\u00e9rations. D\u00e8s ma plus tendre enfance, j&rsquo;ai d\u00e9velopp\u00e9 une sensibilit\u00e9 particuli\u00e8re, \u00e9duqu\u00e9e par ma grand-m\u00e8re \u00e0 [&hellip;]<\/p>\n","protected":false},"author":2,"featured_media":0,"parent":0,"menu_order":0,"comment_status":"closed","ping_status":"closed","template":"full-width.php","meta":{"footnotes":""},"class_list":["post-15","page","type-page","status-publish","hentry"],"_links":{"self":[{"href":"https:\/\/clelia-voyance.com\/index.php\/wp-json\/wp\/v2\/pages\/15","targetHints":{"allow":["GET"]}}],"collection":[{"href":"https:\/\/clelia-voyance.com\/index.php\/wp-json\/wp\/v2\/pages"}],"about":[{"href":"https:\/\/clelia-voyance.com\/index.php\/wp-json\/wp\/v2\/types\/page"}],"author":[{"embeddable":true,"href":"https:\/\/clelia-voyance.com\/index.php\/wp-json\/wp\/v2\/users\/2"}],"replies":[{"embeddable":true,"href":"https:\/\/clelia-voyance.com\/index.php\/wp-json\/wp\/v2\/comments?post=15"}],"version-history":[{"count":18,"href":"https:\/\/clelia-voyance.com\/index.php\/wp-json\/wp\/v2\/pages\/15\/revisions"}],"predecessor-version":[{"id":120,"href":"https:\/\/clelia-voyance.com\/index.php\/wp-json\/wp\/v2\/pages\/15\/revisions\/120"}],"wp:attachment":[{"href":"https:\/\/clelia-voyance.com\/index.php\/wp-json\/wp\/v2\/media?parent=15"}],"curies":[{"name":"wp","href":"https:\/\/api.w.org\/{rel}","templated":true}]}}